{"id":2638,"date":"2017-10-18T14:09:21","date_gmt":"2017-10-18T12:09:21","guid":{"rendered":"https:\/\/www.olisoldebre.com\/producto\/oli-doliva-verge-extra-select-cast-5-l\/"},"modified":"2018-05-03T10:04:02","modified_gmt":"2018-05-03T09:04:02","slug":"oli-doliva-verge-extra-select-cast-5-l","status":"publish","type":"product","link":"https:\/\/www.olisoldebre.com\/ca\/producto\/oli-doliva-verge-extra-select-cast-5-l\/","title":{"rendered":"Oli d&#8217;oliva verge extra Select Cast 5 l"},"content":{"rendered":"<h3><b>Proc\u00e9s d&#8217;elaboraci\u00f3<\/b><\/h3>\n<p><span style=\"font-weight: 400;\">En el proc\u00e9s d&#8217;elaboraci\u00f3 de l&#8217;<strong>oli d&#8217;oliva verge extra Select Cast 5 l<\/strong> hi ha una especial cura i un control estricte des del cultiu de l&#8217;olivera i la recol\u00b7lecci\u00f3 de l&#8217;oliva fins a la recepci\u00f3 i elaboraci\u00f3 de l&#8217;oli per a obtenir un producte final amb unes condicions organol\u00e8ptiques excel\u00b7lents.<\/span><\/p>\n<p><span style=\"font-weight: 400;\">\u2028Les olives es recullen directament de l&#8217;arbre en el punt just de maduraci\u00f3 i nom\u00e9s mitjan\u00e7ant processos mec\u00e0nics perqu\u00e8 l&#8217;oli resultant no estigui alterat i conservi tots els antioxidants i les vitamines.<\/span><\/p>\n<h3><strong>Composici\u00f3 varietal<\/strong><\/h3>\n<p><span style=\"font-weight: 400;\">Un equilibrat cupatge de les varietats morruda, sevillenca, farga i arbequina.<\/span><\/p>\n<h3><strong>Nota de tast<\/strong><\/h3>\n<p><span style=\"font-weight: 400;\">Sabor afruitat d&#8217;olives verd-madur, verd fulla, ametla verda, pl\u00e0tan madur, lleugerament a carxofa, amarg i picant progressiu, lleugera astring\u00e8ncia, llarg i persistent.<\/span><\/p>\n<h3><strong>Condicions <b>\u00f2ptimes <\/b>de conservaci\u00f3<\/strong><\/h3>\n<p><span style=\"font-weight: 400;\">En un lloc fresc i fosc de temperatura constant (13-17\u00baC) i protegit de vibracions. Consum preferent abans d&#8217;un any.<\/span><\/p>\n<h3><strong>Grau\u00a0<b>d&#8217;acidesa<\/b><\/strong><\/h3>\n<p>&lt;0,6\u00ba<\/p>\n<table>\n<tbody>\n<tr>\n<th>INFORMACI\u00d3 NUTRICIONAL PER 100 g<\/th>\n<th><center>NUTRICI\u00d3<\/center><\/th>\n<\/tr>\n<tr>\n<td>Valor energ\u00e8tic<\/td>\n<td><center>3.700 kj\/900 kcal<\/center><\/td>\n<\/tr>\n<tr>\n<td>Greixos totals<\/td>\n<td><center>100 g<center><\/center><\/center><\/td>\n<\/tr>\n<tr>\n<td colspan=\"2\">dels quals<\/td>\n<\/tr>\n<tr>\n<td>&#8211; \u00e0cids grassos saturats<\/td>\n<td><center>14 g<\/center><\/td>\n<\/tr>\n<tr>\n<td>&#8211; \u00e0cids grassos monoinsaturats<\/td>\n<td><center>77 g<\/center><\/td>\n<\/tr>\n<tr>\n<td>&#8211; \u00e0cids grassos poliinsaturats<\/td>\n<td><center>9 g<\/center><\/td>\n<\/tr>\n<tr>\n<td>Hidrats de carboni, dels quals<\/td>\n<td><center>0 g<\/center><\/td>\n<\/tr>\n<tr>\n<td>&#8211; sucres<\/td>\n<td><center>0 g<\/center><\/td>\n<\/tr>\n<tr>\n<td>prote\u00efnes<\/td>\n<td><center>0 g<\/center><\/td>\n<\/tr>\n<tr>\n<td>sal<\/td>\n<td><center>0 g<\/center><\/td>\n<\/tr>\n<\/tbody>\n<\/table>\n","protected":false},"excerpt":{"rendered":"<p><span style=\"font-weight: 400;\">Aqu\u00ed pots comprar <strong>oli d&#8217;oliva verge extra Select Cast 5 l<\/strong>, un producte d&#8217;OliSoldebre envasat en garrafa PET de 5 litres de capacitat. Un env\u00e0s molt pr\u00e0ctic fabricat en politereftalat d&#8217;etil\u00e8, un material que garanteix la qualitat i higiene del producte sense perdre propietats. A m\u00e9s de ser 100% reciclable i millor per al medi ambient.<\/span><\/p>\n<p><span style=\"font-weight: 400;\">L&#8217;oli d&#8217;oliva verge extra Select Cast \u00e9s un OOVE amb un grau d&#8217;<strong>acidesa &lt;0,6\u00ba<\/strong>. S&#8217;elabora amb quatre varietats d&#8217;oliva: arbequina, farga, morruda i sevillenca, un cupatge que li aporta un <strong>sabor dol\u00e7, amb lleugers repunts amargs i picants<\/strong>. A m\u00e9s d&#8217;una aroma fresca, que recorda a olives verdes, ma\u00e7anes, pl\u00e0tan, tarongina i fonoll, amb un gran ventall de records florals.<\/span><\/p>\n<p><span style=\"font-weight: 400;\">\u00c9s un <strong>oli d&#8217;oliva verge extra<\/strong> avalat pel segell de la <strong>DOP Baix Ebre-Montsi\u00e0<\/strong> ideal per a consumir en cru, especialment en amanides i tapes.<\/span><\/p>\n","protected":false},"featured_media":1402,"comment_status":"closed","ping_status":"closed","template":"","meta":[],"product_cat":[109],"product_tag":[],"class_list":{"0":"post-2638","1":"product","2":"type-product","3":"status-publish","4":"has-post-thumbnail","6":"product_cat-comprar-oli-doliva-verge-extra-select-cast","8":"first","9":"instock","10":"taxable","11":"shipping-taxable","12":"purchasable","13":"product-type-simple"},"yoast_head":"<!-- This site is optimized with the Yoast SEO plugin v26.8 - https:\/\/yoast.com\/product\/yoast-seo-wordpress\/ -->\n<title>Oli d&#039;oliva verge extra Select Cast 5 l - Botiga en l\u00ednia OliSoldebre<\/title>\n<meta name=\"description\" content=\"A la botiga en l\u00ednia OliSoldebre pots comprar oli d&#039;oliva verge extra Select Cast 5 l, un delici\u00f3s OOVE amb DOP envasat en garrafa PET de 5 litres.\" \/>\n<meta name=\"robots\" content=\"index, follow, max-snippet:-1, max-image-preview:large, max-video-preview:-1\" \/>\n<link rel=\"canonical\" href=\"https:\/\/www.olisoldebre.com\/ca\/producto\/oli-doliva-verge-extra-select-cast-5-l\/\" \/>\n<meta property=\"og:locale\" content=\"ca_ES\" \/>\n<meta property=\"og:type\" content=\"article\" \/>\n<meta property=\"og:title\" content=\"Oli d&#039;oliva verge extra Select Cast 5 l - Botiga en l\u00ednia OliSoldebre\" \/>\n<meta property=\"og:description\" content=\"A la botiga en l\u00ednia OliSoldebre pots comprar oli d&#039;oliva verge extra Select Cast 5 l, un delici\u00f3s OOVE amb DOP envasat en garrafa PET de 5 litres.\" \/>\n<meta property=\"og:url\" content=\"https:\/\/www.olisoldebre.com\/ca\/producto\/oli-doliva-verge-extra-select-cast-5-l\/\" \/>\n<meta property=\"og:site_name\" content=\"oliSoldebre\" \/>\n<meta property=\"article:modified_time\" content=\"2018-05-03T09:04:02+00:00\" \/>\n<meta property=\"og:image\" content=\"https:\/\/www.olisoldebre.com\/wp-content\/uploads\/2017\/10\/SELECT-CAST-5L-1.jpg\" \/>\n\t<meta property=\"og:image:width\" content=\"600\" \/>\n\t<meta property=\"og:image:height\" content=\"600\" \/>\n\t<meta property=\"og:image:type\" content=\"image\/jpeg\" \/>\n<meta name=\"twitter:card\" content=\"summary_large_image\" \/>\n<meta name=\"twitter:label1\" content=\"Temps estimat de lectura\" \/>\n\t<meta name=\"twitter:data1\" content=\"1 minut\" \/>\n<script type=\"application\/ld+json\" class=\"yoast-schema-graph\">{\"@context\":\"https:\/\/schema.org\",\"@graph\":[{\"@type\":\"WebPage\",\"@id\":\"https:\/\/www.olisoldebre.com\/ca\/producto\/oli-doliva-verge-extra-select-cast-5-l\/\",\"url\":\"https:\/\/www.olisoldebre.com\/ca\/producto\/oli-doliva-verge-extra-select-cast-5-l\/\",\"name\":\"Oli d'oliva verge extra Select Cast 5 l - Botiga en l\u00ednia OliSoldebre\",\"isPartOf\":{\"@id\":\"https:\/\/www.olisoldebre.com\/#website\"},\"primaryImageOfPage\":{\"@id\":\"https:\/\/www.olisoldebre.com\/ca\/producto\/oli-doliva-verge-extra-select-cast-5-l\/#primaryimage\"},\"image\":{\"@id\":\"https:\/\/www.olisoldebre.com\/ca\/producto\/oli-doliva-verge-extra-select-cast-5-l\/#primaryimage\"},\"thumbnailUrl\":\"https:\/\/www.olisoldebre.com\/wp-content\/uploads\/2017\/10\/SELECT-CAST-5L-1.jpg\",\"datePublished\":\"2017-10-18T12:09:21+00:00\",\"dateModified\":\"2018-05-03T09:04:02+00:00\",\"description\":\"A la botiga en l\u00ednia OliSoldebre pots comprar oli d'oliva verge extra Select Cast 5 l, un delici\u00f3s OOVE amb DOP envasat en garrafa PET de 5 litres.\",\"breadcrumb\":{\"@id\":\"https:\/\/www.olisoldebre.com\/ca\/producto\/oli-doliva-verge-extra-select-cast-5-l\/#breadcrumb\"},\"inLanguage\":\"ca\",\"potentialAction\":[{\"@type\":\"ReadAction\",\"target\":[\"https:\/\/www.olisoldebre.com\/ca\/producto\/oli-doliva-verge-extra-select-cast-5-l\/\"]}]},{\"@type\":\"ImageObject\",\"inLanguage\":\"ca\",\"@id\":\"https:\/\/www.olisoldebre.com\/ca\/producto\/oli-doliva-verge-extra-select-cast-5-l\/#primaryimage\",\"url\":\"https:\/\/www.olisoldebre.com\/wp-content\/uploads\/2017\/10\/SELECT-CAST-5L-1.jpg\",\"contentUrl\":\"https:\/\/www.olisoldebre.com\/wp-content\/uploads\/2017\/10\/SELECT-CAST-5L-1.jpg\",\"width\":600,\"height\":600,\"caption\":\"Oli d'oliva verge extra Select Cast 5 l\"},{\"@type\":\"BreadcrumbList\",\"@id\":\"https:\/\/www.olisoldebre.com\/ca\/producto\/oli-doliva-verge-extra-select-cast-5-l\/#breadcrumb\",\"itemListElement\":[{\"@type\":\"ListItem\",\"position\":1,\"name\":\"Portada\",\"item\":\"https:\/\/www.olisoldebre.com\/ca\/\"},{\"@type\":\"ListItem\",\"position\":2,\"name\":\"Botiga en l\u00ednia\",\"item\":\"https:\/\/www.olisoldebre.com\/ca\/botiga\/\"},{\"@type\":\"ListItem\",\"position\":3,\"name\":\"Oli d&#8217;oliva verge extra Select Cast 5 l\"}]},{\"@type\":\"WebSite\",\"@id\":\"https:\/\/www.olisoldebre.com\/#website\",\"url\":\"https:\/\/www.olisoldebre.com\/\",\"name\":\"oliSoldebre\",\"description\":\"\",\"potentialAction\":[{\"@type\":\"SearchAction\",\"target\":{\"@type\":\"EntryPoint\",\"urlTemplate\":\"https:\/\/www.olisoldebre.com\/?s={search_term_string}\"},\"query-input\":{\"@type\":\"PropertyValueSpecification\",\"valueRequired\":true,\"valueName\":\"search_term_string\"}}],\"inLanguage\":\"ca\"}]}<\/script>\n<!-- \/ Yoast SEO plugin. -->","yoast_head_json":{"title":"Oli d'oliva verge extra Select Cast 5 l - Botiga en l\u00ednia OliSoldebre","description":"A la botiga en l\u00ednia OliSoldebre pots comprar oli d'oliva verge extra Select Cast 5 l, un delici\u00f3s OOVE amb DOP envasat en garrafa PET de 5 litres.","robots":{"index":"index","follow":"follow","max-snippet":"max-snippet:-1","max-image-preview":"max-image-preview:large","max-video-preview":"max-video-preview:-1"},"canonical":"https:\/\/www.olisoldebre.com\/ca\/producto\/oli-doliva-verge-extra-select-cast-5-l\/","og_locale":"ca_ES","og_type":"article","og_title":"Oli d'oliva verge extra Select Cast 5 l - Botiga en l\u00ednia OliSoldebre","og_description":"A la botiga en l\u00ednia OliSoldebre pots comprar oli d'oliva verge extra Select Cast 5 l, un delici\u00f3s OOVE amb DOP envasat en garrafa PET de 5 litres.","og_url":"https:\/\/www.olisoldebre.com\/ca\/producto\/oli-doliva-verge-extra-select-cast-5-l\/","og_site_name":"oliSoldebre","article_modified_time":"2018-05-03T09:04:02+00:00","og_image":[{"width":600,"height":600,"url":"https:\/\/www.olisoldebre.com\/wp-content\/uploads\/2017\/10\/SELECT-CAST-5L-1.jpg","type":"image\/jpeg"}],"twitter_card":"summary_large_image","twitter_misc":{"Temps estimat de lectura":"1 minut"},"schema":{"@context":"https:\/\/schema.org","@graph":[{"@type":"WebPage","@id":"https:\/\/www.olisoldebre.com\/ca\/producto\/oli-doliva-verge-extra-select-cast-5-l\/","url":"https:\/\/www.olisoldebre.com\/ca\/producto\/oli-doliva-verge-extra-select-cast-5-l\/","name":"Oli d'oliva verge extra Select Cast 5 l - Botiga en l\u00ednia OliSoldebre","isPartOf":{"@id":"https:\/\/www.olisoldebre.com\/#website"},"primaryImageOfPage":{"@id":"https:\/\/www.olisoldebre.com\/ca\/producto\/oli-doliva-verge-extra-select-cast-5-l\/#primaryimage"},"image":{"@id":"https:\/\/www.olisoldebre.com\/ca\/producto\/oli-doliva-verge-extra-select-cast-5-l\/#primaryimage"},"thumbnailUrl":"https:\/\/www.olisoldebre.com\/wp-content\/uploads\/2017\/10\/SELECT-CAST-5L-1.jpg","datePublished":"2017-10-18T12:09:21+00:00","dateModified":"2018-05-03T09:04:02+00:00","description":"A la botiga en l\u00ednia OliSoldebre pots comprar oli d'oliva verge extra Select Cast 5 l, un delici\u00f3s OOVE amb DOP envasat en garrafa PET de 5 litres.","breadcrumb":{"@id":"https:\/\/www.olisoldebre.com\/ca\/producto\/oli-doliva-verge-extra-select-cast-5-l\/#breadcrumb"},"inLanguage":"ca","potentialAction":[{"@type":"ReadAction","target":["https:\/\/www.olisoldebre.com\/ca\/producto\/oli-doliva-verge-extra-select-cast-5-l\/"]}]},{"@type":"ImageObject","inLanguage":"ca","@id":"https:\/\/www.olisoldebre.com\/ca\/producto\/oli-doliva-verge-extra-select-cast-5-l\/#primaryimage","url":"https:\/\/www.olisoldebre.com\/wp-content\/uploads\/2017\/10\/SELECT-CAST-5L-1.jpg","contentUrl":"https:\/\/www.olisoldebre.com\/wp-content\/uploads\/2017\/10\/SELECT-CAST-5L-1.jpg","width":600,"height":600,"caption":"Oli d'oliva verge extra Select Cast 5 l"},{"@type":"BreadcrumbList","@id":"https:\/\/www.olisoldebre.com\/ca\/producto\/oli-doliva-verge-extra-select-cast-5-l\/#breadcrumb","itemListElement":[{"@type":"ListItem","position":1,"name":"Portada","item":"https:\/\/www.olisoldebre.com\/ca\/"},{"@type":"ListItem","position":2,"name":"Botiga en l\u00ednia","item":"https:\/\/www.olisoldebre.com\/ca\/botiga\/"},{"@type":"ListItem","position":3,"name":"Oli d&#8217;oliva verge extra Select Cast 5 l"}]},{"@type":"WebSite","@id":"https:\/\/www.olisoldebre.com\/#website","url":"https:\/\/www.olisoldebre.com\/","name":"oliSoldebre","description":"","potentialAction":[{"@type":"SearchAction","target":{"@type":"EntryPoint","urlTemplate":"https:\/\/www.olisoldebre.com\/?s={search_term_string}"},"query-input":{"@type":"PropertyValueSpecification","valueRequired":true,"valueName":"search_term_string"}}],"inLanguage":"ca"}]}},"_links":{"self":[{"href":"https:\/\/www.olisoldebre.com\/ca\/wp-json\/wp\/v2\/product\/2638","targetHints":{"allow":["GET"]}}],"collection":[{"href":"https:\/\/www.olisoldebre.com\/ca\/wp-json\/wp\/v2\/product"}],"about":[{"href":"https:\/\/www.olisoldebre.com\/ca\/wp-json\/wp\/v2\/types\/product"}],"replies":[{"embeddable":true,"href":"https:\/\/www.olisoldebre.com\/ca\/wp-json\/wp\/v2\/comments?post=2638"}],"wp:featuredmedia":[{"embeddable":true,"href":"https:\/\/www.olisoldebre.com\/ca\/wp-json\/wp\/v2\/media\/1402"}],"wp:attachment":[{"href":"https:\/\/www.olisoldebre.com\/ca\/wp-json\/wp\/v2\/media?parent=2638"}],"wp:term":[{"taxonomy":"product_cat","embeddable":true,"href":"https:\/\/www.olisoldebre.com\/ca\/wp-json\/wp\/v2\/product_cat?post=2638"},{"taxonomy":"product_tag","embeddable":true,"href":"https:\/\/www.olisoldebre.com\/ca\/wp-json\/wp\/v2\/product_tag?post=2638"}],"curies":[{"name":"wp","href":"https:\/\/api.w.org\/{rel}","templated":true}]}}