{"id":2569,"date":"2017-12-04T10:12:00","date_gmt":"2017-12-04T10:12:00","guid":{"rendered":"https:\/\/www.olisoldebre.com\/exportacion\/"},"modified":"2018-05-02T17:27:06","modified_gmt":"2018-05-02T16:27:06","slug":"exportacio","status":"publish","type":"page","link":"https:\/\/www.olisoldebre.com\/ca\/exportacio\/","title":{"rendered":"Exportaci\u00f3"},"content":{"rendered":"<div class=\"wpb-content-wrapper\"><p>[vc_row full_width=&#8221;stretch_row_content_no_spaces&#8221; inverse=&#8221;&#8221; el_class=&#8221;img_full_width_container&#8221;][vc_column][vc_column_text]<img decoding=\"async\" class=\"img-responsive alignnone\" title=\"Cooperativa Soldebre exportaci\u00f3n\" src=\"https:\/\/www.olisoldebre.com\/wp-content\/uploads\/2017\/10\/mapa-olisoldebre-internacional-V3.jpg\" alt=\"Cooperativa Soldebre exportaci\u00f3n\" width=\"1002\" height=\"352\" \/>[\/vc_column_text][\/vc_column][\/vc_row][vc_row el_class=&#8221;export-text-row&#8221;][vc_column css=&#8221;.vc_custom_1513759723847{padding-top: 90px !important;}&#8221;][vc_column_text]<\/p>\n<p style=\"text-align: center;\">A OliSoldebre comptem amb una llarga traject\u00f2ria en exportaci\u00f3 d&#8217;oli d&#8217;oliva verge i oli d&#8217;oliva verge extra (OOVE). Des de fa una d\u00e8cada exportem els nostres productes arreu del m\u00f3n, des d&#8217;Europa fins a \u00c0frica, Am\u00e8rica i \u00c0sia.<\/p>\n<p style=\"text-align: center;\">Els nostres productes d&#8217;oli d&#8217;oliva posseeixen unes caracter\u00edstiques organol\u00e8ptiques excepcionals que han significat que en els \u00faltims anys haguem incrementat les vendes internacionals d&#8217;oli d&#8217;oliva envasat amb les nostres marques pr\u00f2pies: <strong>Cast, Select Cast i Aureum<\/strong>. Principalment exportem a pa\u00efsos com ara Alemanya, Andorra, el Brasil, els Estats Units, Anglaterra i la Xina, on distribu\u00efm oli a Hong Kong a trav\u00e9s d&#8217;una plataforma en l\u00ednia.<\/p>\n<p>[\/vc_column_text][\/vc_column][\/vc_row]<\/p>\n<\/div>","protected":false},"excerpt":{"rendered":"<p>[vc_row full_width=&#8221;stretch_row_content_no_spaces&#8221; inverse=&#8221;&#8221; el_class=&#8221;img_full_width_container&#8221;][vc_column][vc_column_text][\/vc_column_text][\/vc_column][\/vc_row][vc_row el_class=&#8221;export-text-row&#8221;][vc_column css=&#8221;.vc_custom_1513759723847{padding-top: 90px !important;}&#8221;][vc_column_text] A OliSoldebre comptem amb una llarga traject\u00f2ria en exportaci\u00f3 d&#8217;oli d&#8217;oliva verge i oli d&#8217;oliva verge extra (OOVE). Des de fa una d\u00e8cada exportem els nostres productes arreu del m\u00f3n, des d&#8217;Europa fins a \u00c0frica, Am\u00e8rica i \u00c0sia. Els nostres productes d&#8217;oli d&#8217;oliva posseeixen unes caracter\u00edstiques organol\u00e8ptiques [&hellip;]<\/p>\n","protected":false},"author":89,"featured_media":0,"parent":0,"menu_order":0,"comment_status":"closed","ping_status":"closed","template":"","meta":{"footnotes":""},"class_list":["post-2569","page","type-page","status-publish","hentry"],"yoast_head":"<!-- This site is optimized with the Yoast SEO plugin v26.8 - https:\/\/yoast.com\/product\/yoast-seo-wordpress\/ -->\n<title>Exportaci\u00f3 d&#039;oli d&#039;oliva verge i OOVE - OliSoldebre<\/title>\n<meta name=\"description\" content=\"OliSoldebre compta amb una llarga traject\u00f2ria en exportaci\u00f3 d&#039;oli d&#039;oliva verge i OOVE de les marques Cast, Select Cast i Aureum arreu del m\u00f3n.\" \/>\n<meta name=\"robots\" content=\"index, follow, max-snippet:-1, max-image-preview:large, max-video-preview:-1\" \/>\n<link rel=\"canonical\" href=\"https:\/\/www.olisoldebre.com\/ca\/exportacio\/\" \/>\n<meta property=\"og:locale\" content=\"ca_ES\" \/>\n<meta property=\"og:type\" content=\"article\" \/>\n<meta property=\"og:title\" content=\"Exportaci\u00f3 d&#039;oli d&#039;oliva verge i OOVE - OliSoldebre\" \/>\n<meta property=\"og:description\" content=\"OliSoldebre compta amb una llarga traject\u00f2ria en exportaci\u00f3 d&#039;oli d&#039;oliva verge i OOVE de les marques Cast, Select Cast i Aureum arreu del m\u00f3n.\" \/>\n<meta property=\"og:url\" content=\"https:\/\/www.olisoldebre.com\/ca\/exportacio\/\" \/>\n<meta property=\"og:site_name\" content=\"oliSoldebre\" \/>\n<meta property=\"article:modified_time\" content=\"2018-05-02T16:27:06+00:00\" \/>\n<meta property=\"og:image\" content=\"https:\/\/www.olisoldebre.com\/wp-content\/uploads\/2017\/10\/mapa-olisoldebre-internacional-V3.jpg\" \/>\n<meta name=\"twitter:card\" content=\"summary_large_image\" \/>\n<meta name=\"twitter:label1\" content=\"Temps estimat de lectura\" \/>\n\t<meta name=\"twitter:data1\" content=\"1 minut\" \/>\n<script type=\"application\/ld+json\" class=\"yoast-schema-graph\">{\"@context\":\"https:\/\/schema.org\",\"@graph\":[{\"@type\":\"WebPage\",\"@id\":\"https:\/\/www.olisoldebre.com\/ca\/exportacio\/\",\"url\":\"https:\/\/www.olisoldebre.com\/ca\/exportacio\/\",\"name\":\"Exportaci\u00f3 d'oli d'oliva verge i OOVE - OliSoldebre\",\"isPartOf\":{\"@id\":\"https:\/\/www.olisoldebre.com\/#website\"},\"primaryImageOfPage\":{\"@id\":\"https:\/\/www.olisoldebre.com\/ca\/exportacio\/#primaryimage\"},\"image\":{\"@id\":\"https:\/\/www.olisoldebre.com\/ca\/exportacio\/#primaryimage\"},\"thumbnailUrl\":\"https:\/\/www.olisoldebre.com\/wp-content\/uploads\/2017\/10\/mapa-olisoldebre-internacional-V3.jpg\",\"datePublished\":\"2017-12-04T10:12:00+00:00\",\"dateModified\":\"2018-05-02T16:27:06+00:00\",\"description\":\"OliSoldebre compta amb una llarga traject\u00f2ria en exportaci\u00f3 d'oli d'oliva verge i OOVE de les marques Cast, Select Cast i Aureum arreu del m\u00f3n.\",\"breadcrumb\":{\"@id\":\"https:\/\/www.olisoldebre.com\/ca\/exportacio\/#breadcrumb\"},\"inLanguage\":\"ca\",\"potentialAction\":[{\"@type\":\"ReadAction\",\"target\":[\"https:\/\/www.olisoldebre.com\/ca\/exportacio\/\"]}]},{\"@type\":\"ImageObject\",\"inLanguage\":\"ca\",\"@id\":\"https:\/\/www.olisoldebre.com\/ca\/exportacio\/#primaryimage\",\"url\":\"https:\/\/www.olisoldebre.com\/wp-content\/uploads\/2017\/10\/mapa-olisoldebre-internacional-V3.jpg\",\"contentUrl\":\"https:\/\/www.olisoldebre.com\/wp-content\/uploads\/2017\/10\/mapa-olisoldebre-internacional-V3.jpg\"},{\"@type\":\"BreadcrumbList\",\"@id\":\"https:\/\/www.olisoldebre.com\/ca\/exportacio\/#breadcrumb\",\"itemListElement\":[{\"@type\":\"ListItem\",\"position\":1,\"name\":\"Portada\",\"item\":\"https:\/\/www.olisoldebre.com\/ca\/\"},{\"@type\":\"ListItem\",\"position\":2,\"name\":\"Exportaci\u00f3\"}]},{\"@type\":\"WebSite\",\"@id\":\"https:\/\/www.olisoldebre.com\/#website\",\"url\":\"https:\/\/www.olisoldebre.com\/\",\"name\":\"oliSoldebre\",\"description\":\"\",\"potentialAction\":[{\"@type\":\"SearchAction\",\"target\":{\"@type\":\"EntryPoint\",\"urlTemplate\":\"https:\/\/www.olisoldebre.com\/?s={search_term_string}\"},\"query-input\":{\"@type\":\"PropertyValueSpecification\",\"valueRequired\":true,\"valueName\":\"search_term_string\"}}],\"inLanguage\":\"ca\"}]}<\/script>\n<!-- \/ Yoast SEO plugin. -->","yoast_head_json":{"title":"Exportaci\u00f3 d'oli d'oliva verge i OOVE - OliSoldebre","description":"OliSoldebre compta amb una llarga traject\u00f2ria en exportaci\u00f3 d'oli d'oliva verge i OOVE de les marques Cast, Select Cast i Aureum arreu del m\u00f3n.","robots":{"index":"index","follow":"follow","max-snippet":"max-snippet:-1","max-image-preview":"max-image-preview:large","max-video-preview":"max-video-preview:-1"},"canonical":"https:\/\/www.olisoldebre.com\/ca\/exportacio\/","og_locale":"ca_ES","og_type":"article","og_title":"Exportaci\u00f3 d'oli d'oliva verge i OOVE - OliSoldebre","og_description":"OliSoldebre compta amb una llarga traject\u00f2ria en exportaci\u00f3 d'oli d'oliva verge i OOVE de les marques Cast, Select Cast i Aureum arreu del m\u00f3n.","og_url":"https:\/\/www.olisoldebre.com\/ca\/exportacio\/","og_site_name":"oliSoldebre","article_modified_time":"2018-05-02T16:27:06+00:00","og_image":[{"url":"https:\/\/www.olisoldebre.com\/wp-content\/uploads\/2017\/10\/mapa-olisoldebre-internacional-V3.jpg","type":"","width":"","height":""}],"twitter_card":"summary_large_image","twitter_misc":{"Temps estimat de lectura":"1 minut"},"schema":{"@context":"https:\/\/schema.org","@graph":[{"@type":"WebPage","@id":"https:\/\/www.olisoldebre.com\/ca\/exportacio\/","url":"https:\/\/www.olisoldebre.com\/ca\/exportacio\/","name":"Exportaci\u00f3 d'oli d'oliva verge i OOVE - OliSoldebre","isPartOf":{"@id":"https:\/\/www.olisoldebre.com\/#website"},"primaryImageOfPage":{"@id":"https:\/\/www.olisoldebre.com\/ca\/exportacio\/#primaryimage"},"image":{"@id":"https:\/\/www.olisoldebre.com\/ca\/exportacio\/#primaryimage"},"thumbnailUrl":"https:\/\/www.olisoldebre.com\/wp-content\/uploads\/2017\/10\/mapa-olisoldebre-internacional-V3.jpg","datePublished":"2017-12-04T10:12:00+00:00","dateModified":"2018-05-02T16:27:06+00:00","description":"OliSoldebre compta amb una llarga traject\u00f2ria en exportaci\u00f3 d'oli d'oliva verge i OOVE de les marques Cast, Select Cast i Aureum arreu del m\u00f3n.","breadcrumb":{"@id":"https:\/\/www.olisoldebre.com\/ca\/exportacio\/#breadcrumb"},"inLanguage":"ca","potentialAction":[{"@type":"ReadAction","target":["https:\/\/www.olisoldebre.com\/ca\/exportacio\/"]}]},{"@type":"ImageObject","inLanguage":"ca","@id":"https:\/\/www.olisoldebre.com\/ca\/exportacio\/#primaryimage","url":"https:\/\/www.olisoldebre.com\/wp-content\/uploads\/2017\/10\/mapa-olisoldebre-internacional-V3.jpg","contentUrl":"https:\/\/www.olisoldebre.com\/wp-content\/uploads\/2017\/10\/mapa-olisoldebre-internacional-V3.jpg"},{"@type":"BreadcrumbList","@id":"https:\/\/www.olisoldebre.com\/ca\/exportacio\/#breadcrumb","itemListElement":[{"@type":"ListItem","position":1,"name":"Portada","item":"https:\/\/www.olisoldebre.com\/ca\/"},{"@type":"ListItem","position":2,"name":"Exportaci\u00f3"}]},{"@type":"WebSite","@id":"https:\/\/www.olisoldebre.com\/#website","url":"https:\/\/www.olisoldebre.com\/","name":"oliSoldebre","description":"","potentialAction":[{"@type":"SearchAction","target":{"@type":"EntryPoint","urlTemplate":"https:\/\/www.olisoldebre.com\/?s={search_term_string}"},"query-input":{"@type":"PropertyValueSpecification","valueRequired":true,"valueName":"search_term_string"}}],"inLanguage":"ca"}]}},"_links":{"self":[{"href":"https:\/\/www.olisoldebre.com\/ca\/wp-json\/wp\/v2\/pages\/2569","targetHints":{"allow":["GET"]}}],"collection":[{"href":"https:\/\/www.olisoldebre.com\/ca\/wp-json\/wp\/v2\/pages"}],"about":[{"href":"https:\/\/www.olisoldebre.com\/ca\/wp-json\/wp\/v2\/types\/page"}],"author":[{"embeddable":true,"href":"https:\/\/www.olisoldebre.com\/ca\/wp-json\/wp\/v2\/users\/89"}],"replies":[{"embeddable":true,"href":"https:\/\/www.olisoldebre.com\/ca\/wp-json\/wp\/v2\/comments?post=2569"}],"version-history":[{"count":3,"href":"https:\/\/www.olisoldebre.com\/ca\/wp-json\/wp\/v2\/pages\/2569\/revisions"}],"predecessor-version":[{"id":2617,"href":"https:\/\/www.olisoldebre.com\/ca\/wp-json\/wp\/v2\/pages\/2569\/revisions\/2617"}],"wp:attachment":[{"href":"https:\/\/www.olisoldebre.com\/ca\/wp-json\/wp\/v2\/media?parent=2569"}],"curies":[{"name":"wp","href":"https:\/\/api.w.org\/{rel}","templated":true}]}}