{"id":2552,"date":"2016-06-10T11:18:48","date_gmt":"2016-06-10T11:18:48","guid":{"rendered":"https:\/\/www.olisoldebre.com\/contacto\/"},"modified":"2018-05-02T17:32:29","modified_gmt":"2018-05-02T16:32:29","slug":"contacte","status":"publish","type":"page","link":"https:\/\/www.olisoldebre.com\/ca\/contacte\/","title":{"rendered":"Contacte"},"content":{"rendered":"<div class=\"wpb-content-wrapper\"><p>[vc_row][vc_column]<div class=\"sc_section margin_top_null margin_bottom_medium aligncenter column-1_1\"><div class=\"sc_section_image\"  ><img decoding=\"async\" class=\"wp-post-image\" width=\"63\" height=\"46\" alt=\"Depositphotos_5896747_original.png\" src=\"https:\/\/www.olisoldebre.com\/wp-content\/uploads\/2016\/06\/Depositphotos_5896747_original-63x46.png\"><\/div><div class=\"sc_section_inner\"><div class=\"sc_section_content_wrap\"><div class=\"columns_wrap sc_columns columns_nofluid sc_columns_count_3\" data-equal-height=\".sc_column_item\"><div class=\"column-1_3 sc_column_item sc_column_item_1 odd first\">[vc_icon icon_fontawesome=&#8221;fa fa-home&#8221; color=&#8221;custom&#8221; background_style=&#8221;rounded&#8221; background_color=&#8221;custom&#8221; align=&#8221;center&#8221; custom_color=&#8221;#dcac2e&#8221; custom_background_color=&#8221;#363636&#8243; css=&#8221;.vc_custom_1497276704127{margin-top: 100px !important;margin-bottom: 0px !important;}&#8221;]<h4 class=\"sc_title sc_title_regular sc_title_underline_contacto margin_top_null margin_bottom_null\"><\/p>\n<p style=\"text-align: center;\">Adre\u00e7a<\/p>\n<p><\/h4>[vc_column_text]<\/p>\n<p style=\"text-align: center;\">Ctra. Raval de Cristo, s\/n<br \/>\n43500 Tortosa (Baix Ebre &#8211; Tarragona)<\/p>\n<p>[\/vc_column_text]<\/div><div class=\"column-1_3 sc_column_item sc_column_item_2 even\">[vc_icon icon_fontawesome=&#8221;fa fa-phone&#8221; color=&#8221;custom&#8221; background_style=&#8221;rounded&#8221; background_color=&#8221;custom&#8221; align=&#8221;center&#8221; custom_color=&#8221;#dcac2e&#8221; custom_background_color=&#8221;#363636&#8243; css=&#8221;.vc_custom_1497276724944{margin-top: 100px !important;margin-bottom: 0px !important;}&#8221;]<h4 class=\"sc_title sc_title_regular sc_title_underline_contacto margin_top_null margin_bottom_null\"><\/p>\n<p style=\"text-align: center;\">Tel\u00e8fon<\/p>\n<p><\/h4>[vc_column_text]<\/p>\n<p style=\"text-align: center;\">Tel (+34) 977 502 184<br \/>\nFax (+34) 977 502 561<\/p>\n<p>[\/vc_column_text]<\/div><div class=\"column-1_3 sc_column_item sc_column_item_3 odd\">[vc_icon icon_fontawesome=&#8221;fa fa-envelope&#8221; color=&#8221;custom&#8221; background_style=&#8221;rounded&#8221; background_color=&#8221;custom&#8221; align=&#8221;center&#8221; custom_color=&#8221;#dcac2e&#8221; custom_background_color=&#8221;#363636&#8243; css=&#8221;.vc_custom_1497276734976{margin-top: 100px !important;margin-bottom: 0px !important;}&#8221;]<h4 class=\"sc_title sc_title_regular sc_title_underline_contacto margin_top_null margin_bottom_null\"><\/p>\n<p style=\"text-align: center;\">Adre\u00e7a electr\u00f2nica<\/p>\n<p><\/h4>[vc_column_text]<\/p>\n<p style=\"text-align: center;\">info@olisoldebre.es<\/p>\n<p>[\/vc_column_text]<\/div><\/div>[vc_empty_space height=&#8221;0.35em&#8221;]<\/div><\/div><\/div><div class=\"sc_section formulari_contacte margin_top_null margin_bottom_medium aligncenter column-5_12\"><div class=\"sc_section_inner\"><div class=\"sc_section_content_wrap\">[vc_empty_space height=&#8221;0.95em&#8221;]\n<div class=\"wpcf7 no-js\" id=\"wpcf7-f2559-o1\" lang=\"es-ES\" dir=\"ltr\" data-wpcf7-id=\"2559\">\n<div class=\"screen-reader-response\"><p role=\"status\" aria-live=\"polite\" aria-atomic=\"true\"><\/p> <ul><\/ul><\/div>\n<form action=\"\/ca\/wp-json\/wp\/v2\/pages\/2552#wpcf7-f2559-o1\" method=\"post\" class=\"wpcf7-form init wpcf7-acceptance-as-validation\" aria-label=\"Formulario de contacto\" novalidate=\"novalidate\" data-status=\"init\">\n<fieldset class=\"hidden-fields-container\"><input type=\"hidden\" name=\"_wpcf7\" value=\"2559\" \/><input type=\"hidden\" name=\"_wpcf7_version\" value=\"6.1.5\" \/><input type=\"hidden\" name=\"_wpcf7_locale\" value=\"es_ES\" \/><input type=\"hidden\" name=\"_wpcf7_unit_tag\" value=\"wpcf7-f2559-o1\" \/><input type=\"hidden\" name=\"_wpcf7_container_post\" value=\"0\" \/><input type=\"hidden\" name=\"_wpcf7_posted_data_hash\" value=\"\" \/><input type=\"hidden\" name=\"_wpcf7_recaptcha_response\" value=\"\" \/>\n<\/fieldset>\n<p><span class=\"wpcf7-form-control-wrap\" data-name=\"your-name\"><input size=\"40\" maxlength=\"400\" class=\"wpcf7-form-control wpcf7-text wpcf7-validates-as-required\" aria-required=\"true\" aria-invalid=\"false\" placeholder=\"Nom\" value=\"\" type=\"text\" name=\"your-name\" \/><\/span>\n<\/p>\n<p><span class=\"wpcf7-form-control-wrap\" data-name=\"your-email\"><input size=\"40\" maxlength=\"400\" class=\"wpcf7-form-control wpcf7-email wpcf7-validates-as-required wpcf7-text wpcf7-validates-as-email\" aria-required=\"true\" aria-invalid=\"false\" placeholder=\"Adre\u00e7a electr\u00f2nica\" value=\"\" type=\"email\" name=\"your-email\" \/><\/span>\n<\/p>\n<p><span class=\"wpcf7-form-control-wrap\" data-name=\"your-message\"><textarea cols=\"40\" rows=\"10\" maxlength=\"2000\" class=\"wpcf7-form-control wpcf7-textarea\" aria-invalid=\"false\" placeholder=\"Missatge\" name=\"your-message\"><\/textarea><\/span><br \/>\n<span id=\"wpcf7-69f7696fc7df3-wrapper\" class=\"wpcf7-form-control-wrap web-1-wrap\" ><input id=\"wpcf7-69f7696fc7df3-field\"  class=\"wpcf7-form-control wpcf7-text\" type=\"text\" name=\"web-1\" value=\"\" size=\"40\" tabindex=\"-1\" autocomplete=\"new-password\" \/><\/span><br \/>\n<a href=\"#\" id=\"read\" style=\"text-align:left;float:left;margin-bottom:15px;\">Consentimiento para el tratamiento de datos leer...<\/a>\n<\/p>\n<div id=\"eulaw\" style=\"text-align:left;display:none;float:left;margin-bottom:15px;\">\n\t<p><strong>SOLDEBRE SCCL<\/strong> es el Responsable del tratamiento de los datos personales del usuario y le informa que estos datos ser\u00e1n tratados de conformidad con lo dispuesto en las normativas vigentes en protecci\u00f3n de datos personales, el Reglamento (UE) 2016\/679 de 27 de abril de 2016 (GDPR) y la Ley Org\u00e1nica (ES) 15\/1999 de 13 de diciembre (LOPD), por lo que se le facilita la siguiente informaci\u00f3n del tratamiento:<br \/>\n<strong>Fin del tratamiento<\/strong>: mantener una relaci\u00f3n comercial y el env\u00edo de comunicaciones sobre nuestros productos y servicios.<br \/>\n<strong>Criterios de conservaci\u00f3n de los datos<\/strong>: se conservar\u00e1n mientras exista un inter\u00e9s mutuo para mantener el fin del tratamiento y cuando ya no sea necesario para tal fin, se suprimir\u00e1n con medidas de seguridad adecuadas para garantizar la seudonimizaci\u00f3n de los datos o la destrucci\u00f3n total de los mismos.<br \/>\n<strong>Comunicaci\u00f3n de los datos<\/strong>: No se comunicar\u00e1n los datos a terceros, salvo obligaci\u00f3n legal. Derechos que asisten al usuario: Derecho a retirar el consentimiento en cualquier momento. Derecho de acceso, rectificaci\u00f3n, portabilidad y supresi\u00f3n de sus datos y a la limitaci\u00f3n u oposici\u00f3n al su tratamiento. Derecho a presentar una reclamaci\u00f3n ante la Autoridad de control (agpd.es) si considera que el tratamiento no se ajusta a la normativa vigente.<br \/>\n<strong>Datos de contacto para ejercer sus derechos<\/strong>: soldebre@soldebre.es\n\t<\/p>\n<\/div>\n<div style=\"font-size:9px;text-align: left;margin-bottom: 15px;\">\n\t<p><span class=\"wpcf7-form-control-wrap\" data-name=\"your-consent\"><span class=\"wpcf7-form-control wpcf7-acceptance\"><span class=\"wpcf7-list-item\"><label><input type=\"checkbox\" name=\"your-consent\" value=\"1\" aria-invalid=\"false\" \/><span class=\"wpcf7-list-item-label\">He llegit i accepto la <a href=\"https:\/\/www.olisoldebre.com\/ca\/politica-de-privacitat\/\" target=\"_blank\">pol\u00edtica de privacitat.<\/a><\/span><\/label><\/span><\/span><\/span>\n\t<\/p>\n<\/div>\n<div style=\"margin-bottom: 15px;\">\n\n<\/div>\n<p><input class=\"wpcf7-form-control wpcf7-submit has-spinner\" type=\"submit\" value=\"Envia\" \/>\n<\/p><div class=\"wpcf7-response-output\" aria-hidden=\"true\"><\/div>\n<\/form>\n<\/div>\n[vc_empty_space height=&#8221;0.35em&#8221;]<\/div><\/div><\/div>[\/vc_column][\/vc_row][vc_row full_width=&#8221;stretch_row_content_no_spaces&#8221;][vc_column]<div id=\"sc_googlemap_267418666\" class=\"sc_googlemap\" style=\"width:100%;height:504px;\" data-zoom=\"16\" data-style=\"default\"><iframe src=\"https:\/\/maps.google.com\/maps?t=m&output=embed&iwloc=near&z=16&q=Ctra.+Raval+de+crist%2C+s%2Fn+43500+Tortosa@40.810852,0.508585\" scrolling=\"no\" marginheight=\"0\" marginwidth=\"0\" frameborder=\"0\"\n                    aria-label=\"Soldebre\"><\/iframe><\/div>[\/vc_column][\/vc_row]<\/p>\n<\/div>","protected":false},"excerpt":{"rendered":"<p>[vc_row][vc_column][\/vc_column][\/vc_row][vc_row full_width=&#8221;stretch_row_content_no_spaces&#8221;][vc_column][\/vc_column][\/vc_row]<\/p>\n","protected":false},"author":89,"featured_media":0,"parent":0,"menu_order":0,"comment_status":"closed","ping_status":"closed","template":"","meta":{"footnotes":""},"class_list":["post-2552","page","type-page","status-publish","hentry"],"yoast_head":"<!-- This site is optimized with the Yoast SEO plugin v26.8 - https:\/\/yoast.com\/product\/yoast-seo-wordpress\/ -->\n<title>Contacte - Dubtes, suggeriments i consultes a OliSoldebre<\/title>\n<meta name=\"description\" content=\"Si teniu alguna consulta o suggeriment, podeu posar-vos en contacte amb nosaltres per correu electr\u00f2nic o postal, per tel\u00e8fon, o omplint el formulari.\" \/>\n<meta name=\"robots\" content=\"index, follow, max-snippet:-1, max-image-preview:large, max-video-preview:-1\" \/>\n<link rel=\"canonical\" href=\"https:\/\/www.olisoldebre.com\/ca\/contacte\/\" \/>\n<meta property=\"og:locale\" content=\"ca_ES\" \/>\n<meta property=\"og:type\" content=\"article\" \/>\n<meta property=\"og:title\" content=\"Contacte - Dubtes, suggeriments i consultes a OliSoldebre\" \/>\n<meta property=\"og:description\" content=\"Si teniu alguna consulta o suggeriment, podeu posar-vos en contacte amb nosaltres per correu electr\u00f2nic o postal, per tel\u00e8fon, o omplint el formulari.\" \/>\n<meta property=\"og:url\" content=\"https:\/\/www.olisoldebre.com\/ca\/contacte\/\" \/>\n<meta property=\"og:site_name\" content=\"oliSoldebre\" \/>\n<meta property=\"article:modified_time\" content=\"2018-05-02T16:32:29+00:00\" \/>\n<meta name=\"twitter:card\" content=\"summary_large_image\" \/>\n<meta name=\"twitter:label1\" content=\"Temps estimat de lectura\" \/>\n\t<meta name=\"twitter:data1\" content=\"1 minut\" \/>\n<script type=\"application\/ld+json\" class=\"yoast-schema-graph\">{\"@context\":\"https:\/\/schema.org\",\"@graph\":[{\"@type\":\"WebPage\",\"@id\":\"https:\/\/www.olisoldebre.com\/ca\/contacte\/\",\"url\":\"https:\/\/www.olisoldebre.com\/ca\/contacte\/\",\"name\":\"Contacte - Dubtes, suggeriments i consultes a OliSoldebre\",\"isPartOf\":{\"@id\":\"https:\/\/www.olisoldebre.com\/#website\"},\"datePublished\":\"2016-06-10T11:18:48+00:00\",\"dateModified\":\"2018-05-02T16:32:29+00:00\",\"description\":\"Si teniu alguna consulta o suggeriment, podeu posar-vos en contacte amb nosaltres per correu electr\u00f2nic o postal, per tel\u00e8fon, o omplint el formulari.\",\"breadcrumb\":{\"@id\":\"https:\/\/www.olisoldebre.com\/ca\/contacte\/#breadcrumb\"},\"inLanguage\":\"ca\",\"potentialAction\":[{\"@type\":\"ReadAction\",\"target\":[\"https:\/\/www.olisoldebre.com\/ca\/contacte\/\"]}]},{\"@type\":\"BreadcrumbList\",\"@id\":\"https:\/\/www.olisoldebre.com\/ca\/contacte\/#breadcrumb\",\"itemListElement\":[{\"@type\":\"ListItem\",\"position\":1,\"name\":\"Portada\",\"item\":\"https:\/\/www.olisoldebre.com\/ca\/\"},{\"@type\":\"ListItem\",\"position\":2,\"name\":\"Contacte\"}]},{\"@type\":\"WebSite\",\"@id\":\"https:\/\/www.olisoldebre.com\/#website\",\"url\":\"https:\/\/www.olisoldebre.com\/\",\"name\":\"oliSoldebre\",\"description\":\"\",\"potentialAction\":[{\"@type\":\"SearchAction\",\"target\":{\"@type\":\"EntryPoint\",\"urlTemplate\":\"https:\/\/www.olisoldebre.com\/?s={search_term_string}\"},\"query-input\":{\"@type\":\"PropertyValueSpecification\",\"valueRequired\":true,\"valueName\":\"search_term_string\"}}],\"inLanguage\":\"ca\"}]}<\/script>\n<!-- \/ Yoast SEO plugin. -->","yoast_head_json":{"title":"Contacte - Dubtes, suggeriments i consultes a OliSoldebre","description":"Si teniu alguna consulta o suggeriment, podeu posar-vos en contacte amb nosaltres per correu electr\u00f2nic o postal, per tel\u00e8fon, o omplint el formulari.","robots":{"index":"index","follow":"follow","max-snippet":"max-snippet:-1","max-image-preview":"max-image-preview:large","max-video-preview":"max-video-preview:-1"},"canonical":"https:\/\/www.olisoldebre.com\/ca\/contacte\/","og_locale":"ca_ES","og_type":"article","og_title":"Contacte - Dubtes, suggeriments i consultes a OliSoldebre","og_description":"Si teniu alguna consulta o suggeriment, podeu posar-vos en contacte amb nosaltres per correu electr\u00f2nic o postal, per tel\u00e8fon, o omplint el formulari.","og_url":"https:\/\/www.olisoldebre.com\/ca\/contacte\/","og_site_name":"oliSoldebre","article_modified_time":"2018-05-02T16:32:29+00:00","twitter_card":"summary_large_image","twitter_misc":{"Temps estimat de lectura":"1 minut"},"schema":{"@context":"https:\/\/schema.org","@graph":[{"@type":"WebPage","@id":"https:\/\/www.olisoldebre.com\/ca\/contacte\/","url":"https:\/\/www.olisoldebre.com\/ca\/contacte\/","name":"Contacte - Dubtes, suggeriments i consultes a OliSoldebre","isPartOf":{"@id":"https:\/\/www.olisoldebre.com\/#website"},"datePublished":"2016-06-10T11:18:48+00:00","dateModified":"2018-05-02T16:32:29+00:00","description":"Si teniu alguna consulta o suggeriment, podeu posar-vos en contacte amb nosaltres per correu electr\u00f2nic o postal, per tel\u00e8fon, o omplint el formulari.","breadcrumb":{"@id":"https:\/\/www.olisoldebre.com\/ca\/contacte\/#breadcrumb"},"inLanguage":"ca","potentialAction":[{"@type":"ReadAction","target":["https:\/\/www.olisoldebre.com\/ca\/contacte\/"]}]},{"@type":"BreadcrumbList","@id":"https:\/\/www.olisoldebre.com\/ca\/contacte\/#breadcrumb","itemListElement":[{"@type":"ListItem","position":1,"name":"Portada","item":"https:\/\/www.olisoldebre.com\/ca\/"},{"@type":"ListItem","position":2,"name":"Contacte"}]},{"@type":"WebSite","@id":"https:\/\/www.olisoldebre.com\/#website","url":"https:\/\/www.olisoldebre.com\/","name":"oliSoldebre","description":"","potentialAction":[{"@type":"SearchAction","target":{"@type":"EntryPoint","urlTemplate":"https:\/\/www.olisoldebre.com\/?s={search_term_string}"},"query-input":{"@type":"PropertyValueSpecification","valueRequired":true,"valueName":"search_term_string"}}],"inLanguage":"ca"}]}},"_links":{"self":[{"href":"https:\/\/www.olisoldebre.com\/ca\/wp-json\/wp\/v2\/pages\/2552","targetHints":{"allow":["GET"]}}],"collection":[{"href":"https:\/\/www.olisoldebre.com\/ca\/wp-json\/wp\/v2\/pages"}],"about":[{"href":"https:\/\/www.olisoldebre.com\/ca\/wp-json\/wp\/v2\/types\/page"}],"author":[{"embeddable":true,"href":"https:\/\/www.olisoldebre.com\/ca\/wp-json\/wp\/v2\/users\/89"}],"replies":[{"embeddable":true,"href":"https:\/\/www.olisoldebre.com\/ca\/wp-json\/wp\/v2\/comments?post=2552"}],"version-history":[{"count":3,"href":"https:\/\/www.olisoldebre.com\/ca\/wp-json\/wp\/v2\/pages\/2552\/revisions"}],"predecessor-version":[{"id":2560,"href":"https:\/\/www.olisoldebre.com\/ca\/wp-json\/wp\/v2\/pages\/2552\/revisions\/2560"}],"wp:attachment":[{"href":"https:\/\/www.olisoldebre.com\/ca\/wp-json\/wp\/v2\/media?parent=2552"}],"curies":[{"name":"wp","href":"https:\/\/api.w.org\/{rel}","templated":true}]}}