{"id":2516,"date":"2017-06-09T15:53:35","date_gmt":"2017-06-09T15:53:35","guid":{"rendered":"https:\/\/www.olisoldebre.com\/productos-olisoldebre\/aceite-de-oliva-virgen-extra\/"},"modified":"2018-05-03T14:12:49","modified_gmt":"2018-05-03T13:12:49","slug":"oli-doliva-verge-extra-select-cast","status":"publish","type":"page","link":"https:\/\/www.olisoldebre.com\/ca\/productes-olisoldebre\/oli-doliva-verge-extra-select-cast\/","title":{"rendered":"Oli d&#8217;oliva verge extra SELECT CAST"},"content":{"rendered":"<div class=\"wpb-content-wrapper\"><p>[vc_row][vc_column]<div class=\"sc_section margin_top_null margin_bottom_large\"><div class=\"sc_section_image\"  ><img decoding=\"async\" class=\"wp-post-image\" width=\"63\" height=\"46\" alt=\"Depositphotos_5896747_original.png\" src=\"https:\/\/www.olisoldebre.com\/wp-content\/uploads\/2016\/06\/Depositphotos_5896747_original-63x46.png\"><\/div><div class=\"sc_section_inner\"><div class=\"sc_section_content_wrap\">[vc_column_text css=&#8221;.vc_custom_1524069673791{padding-top: 80px !important;padding-bottom: 80px !important;}&#8221;]<\/p>\n<div style=\"text-align: center; font-size: 20px; width: 100%; max-width: 800px; margin: 0 auto;\" data-canvas-width=\"386.8636882022177\"><em><strong>L&#8217;oli d&#8217;oliva verge extra (OOVE) d&#8217;OliSoldebre comercialitzat sota la marca <span style=\"color: #dcac2e;\">Select Cast<\/span>\u00a0s&#8217;obt\u00e9 de les millors olives cultivades en els camps d&#8217;oliveres de la zona de Tortosa i les comarques del Baix Ebre i Montsi\u00e0.<\/strong><\/em><\/div>\n<p>[\/vc_column_text]<\/div><\/div><\/div>[\/vc_column][\/vc_row][vc_row full_width=&#8221;stretch_row_content_no_spaces&#8221; inverse=&#8221;&#8221; css=&#8221;.vc_custom_1501768263678{background-color: #dd3333 !important;}&#8221; el_class=&#8221;div_patron_background_granate&#8221;][vc_column]<div class=\"sc_content content_wrap\"><div class=\"columns_wrap sc_columns columns_nofluid sc_columns_count_2 div-imatge-overlay \"><div class=\"column-1_2 sc_column_item sc_column_item_1 odd first\">[vc_single_image image=&#8221;1097&#8243; img_size=&#8221;&#8221; alignment=&#8221;center&#8221;]<\/div><div class=\"column-1_2 sc_column_item sc_column_item_2 even\">[vc_column_text]<span style=\"font-size: 23px;\">L&#8217;oli d&#8217;oliva verge extra <strong>Select Cast<\/strong> \u00e9s un exquisit suc d&#8217;olives elaborat amb quatre varietats d&#8217;oliva aut\u00f2ctones: <span style=\"color: #dcac2e;\"><strong>morruda, sevillenca, farga i arbequina<\/strong><\/span>.<\/span>[\/vc_column_text]<a href=\"https:\/\/www.olisoldebre.com\/ca\/categoria-producte\/comprar-oli-doliva-verge-extra-select-cast\/\" class=\"sc_button sc_button_square sc_button_style_filled sc_button_size_small\">COMPRA<\/a><\/div><\/div><\/div>[\/vc_column][\/vc_row][vc_row][vc_column]<div class=\"sc_section\"><div class=\"sc_section_inner\"><div class=\"sc_section_content_wrap\"><div class=\"columns_wrap sc_columns columns_nofluid sc_columns_count_2 margin_top_large margin_bottom_medium\"><div class=\"column-1_2 sc_column_item sc_column_item_1 odd first\"><h3 class=\"sc_title sc_title_regular margin_top_small margin_bottom_tiny\">Proc\u00e9s d&#8217;elaboraci\u00f3<\/h3>[vc_column_text]En el proc\u00e9s d&#8217;elaboraci\u00f3 de <strong>l&#8217;oli d&#8217;oliva verge extra Select Cast<\/strong> hi ha una especial cura i un control estricte des del cultiu de l&#8217;olivera i la recol\u00b7lecci\u00f3 de l&#8217;oliva fins a la recepci\u00f3 i elaboraci\u00f3 de l&#8217;oli per a obtenir un producte final amb unes condicions organol\u00e8ptiques excel\u00b7lents.[\/vc_column_text]<\/div><div class=\"column-1_2 sc_column_item sc_column_item_2 even\">[vc_single_image image=&#8221;1088&#8243; img_size=&#8221;&#8221; alignment=&#8221;center&#8221; el_class=&#8221;imatge-proceso-arbre&#8221;]<\/div><\/div><div class=\"columns_wrap sc_columns columns_nofluid sc_columns_count_2\" style=\"border-bottom: 1px solid #dcac2e; padding-bottom: 50px;\"><div class=\"column-1_2 sc_column_item sc_column_item_1 odd first\">[vc_single_image image=&#8221;1086&#8243; img_size=&#8221;&#8221; alignment=&#8221;center&#8221; el_class=&#8221;imatge-proceso-cabas&#8221;]<\/div><div class=\"column-1_2 sc_column_item sc_column_item_2 even\">[vc_column_text]Les olives es recullen directament de l&#8217;arbre en el punt just de maduraci\u00f3 i nom\u00e9s mitjan\u00e7ant processos mec\u00e0nics perqu\u00e8 l&#8217;oli resultant no estigui alterat i conservi tots els antioxidants i les vitamines.[\/vc_column_text]<\/div><\/div><div class=\"columns_wrap sc_columns columns_nofluid sc_columns_count_2 margin_top_medium margin_bottom_medium\" style=\"border-bottom: 1px solid #dcac2e; padding-bottom: 50px;\"><div class=\"column-1_2 sc_column_item sc_column_item_1 odd first\">[vc_single_image image=&#8221;1085&#8243; img_size=&#8221;&#8221; alignment=&#8221;center&#8221; el_class=&#8221;imatge-composicion-olives&#8221;]<\/div><div class=\"column-1_2 sc_column_item sc_column_item_2 even\"><h3 class=\"sc_title sc_title_regular margin_top_small margin_bottom_tiny\">Composici\u00f3 varietal<\/h3>[vc_column_text]Morruda, sevillenca, farga i arbequina.[\/vc_column_text]<\/div><\/div><div class=\"columns_wrap sc_columns columns_nofluid sc_columns_count_2 margin_top_medium margin_bottom_medium\" style=\"border-bottom: 1px solid #dcac2e; padding-bottom: 50px;\"><div class=\"column-1_2 sc_column_item sc_column_item_1 odd first\"><h3 class=\"sc_title sc_title_regular margin_top_small margin_bottom_tiny\">Nota de tast i usos<\/h3>[vc_column_text]Sabor afruitat d&#8217;olives verd-madur, verd fulla, ametla verda, pl\u00e0tan madur, lleugerament a carxofa, amarg i picant progressiu, lleugera astring\u00e8ncia, llarg i persistent.<\/p>\n<p>Es recomana de consumir-lo en cru, especialment en amanides i tapes.[\/vc_column_text]<\/div><div class=\"column-1_2 sc_column_item sc_column_item_2 even\">[vc_single_image image=&#8221;1087&#8243; img_size=&#8221;&#8221; alignment=&#8221;center&#8221; el_class=&#8221;imatge-nota-got&#8221;]<\/div><\/div><div class=\"columns_wrap sc_columns columns_nofluid sc_columns_count_2 margin_top_medium margin_bottom_medium\" style=\"border-bottom: 1px solid #dcac2e; padding-bottom: 50px;\"><div class=\"column-1_2 sc_column_item sc_column_item_1 odd first\">[vc_single_image image=&#8221;1083&#8243; img_size=&#8221;&#8221; alignment=&#8221;center&#8221; el_class=&#8221;imatge-condiciones-termometro&#8221;]<\/div><div class=\"column-1_2 sc_column_item sc_column_item_2 even\"><h3 class=\"sc_title sc_title_regular margin_top_small margin_bottom_tiny\">Condicions \u00f2ptimes de conservaci\u00f3<\/h3>[vc_column_text]En un lloc fresc i fosc de temperatura constant (13-17\u00baC), i protegit de vibracions.<\/p>\n<p><em>Consum preferent abans d&#8217;un any.<\/em>[\/vc_column_text]<\/div><\/div><div class=\"columns_wrap sc_columns columns_nofluid sc_columns_count_2 margin_top_medium margin_bottom_medium\" style=\"border-bottom: 1px solid #dcac2e; padding-bottom: 50px;\"><div class=\"column-1_2 sc_column_item sc_column_item_1 odd first\"><h3 class=\"sc_title sc_title_regular margin_top_small margin_bottom_tiny\">Grau d&#8217;acidesa<\/h3>[vc_column_text]<strong style=\"font-size: 16px;\">&lt;0,6\u00ba<\/strong>[\/vc_column_text]<\/div><div class=\"column-1_2 sc_column_item sc_column_item_2 even\">[vc_single_image image=&#8221;1084&#8243; img_size=&#8221;&#8221; alignment=&#8221;center&#8221; el_class=&#8221;imatge-grado-oliva&#8221;]<\/div><\/div><div class=\"columns_wrap sc_columns columns_nofluid sc_columns_count_2 margin_top_medium margin_bottom_huge\" style=\"padding-bottom: 100px;\"><div class=\"column-1_2 sc_column_item sc_column_item_1 odd first\">[vc_single_image image=&#8221;1100&#8243; img_size=&#8221;&#8221; alignment=&#8221;center&#8221;]<\/div><div class=\"column-1_2 sc_column_item sc_column_item_2 even\"><h3 class=\"sc_title sc_title_regular margin_top_small margin_bottom_tiny\">Format de presentaci\u00f3<\/h3>[vc_column_text]Env\u00e0s PET d&#8217;1 l, 2 l i 5 l.<br \/>\nEnv\u00e0s de vidre de 250 ml, 500 ml i 750 ml.[\/vc_column_text][vc_empty_space]<a href=\"https:\/\/www.olisoldebre.com\/ca\/categoria-producte\/comprar-oli-doliva-verge-extra-select-cast\/\" class=\"sc_button sc_button_square sc_button_style_filled sc_button_size_small\">COMPRA<\/a><\/div><\/div><\/div><\/div><\/div>[\/vc_column][\/vc_row]<\/p>\n<\/div>","protected":false},"excerpt":{"rendered":"<p>[vc_row][vc_column][\/vc_column][\/vc_row][vc_row full_width=&#8221;stretch_row_content_no_spaces&#8221; inverse=&#8221;&#8221; css=&#8221;.vc_custom_1501768263678{background-color: #dd3333 !important;}&#8221; el_class=&#8221;div_patron_background_granate&#8221;][vc_column][\/vc_column][\/vc_row][vc_row][vc_column][\/vc_column][\/vc_row]<\/p>\n","protected":false},"author":89,"featured_media":0,"parent":2494,"menu_order":0,"comment_status":"closed","ping_status":"closed","template":"","meta":{"footnotes":""},"class_list":["post-2516","page","type-page","status-publish","hentry"],"yoast_head":"<!-- This site is optimized with the Yoast SEO plugin v26.8 - https:\/\/yoast.com\/product\/yoast-seo-wordpress\/ -->\n<title>Oli d&#039;oliva verge extra Select Cast - Productes OliSoldebre<\/title>\n<meta name=\"description\" content=\"L&#039;oli d&#039;oliva verge extra Select Cast \u00e9s un OOVE elaborat amb un equilibrat cupatge de quatre varietats d&#039;olives ideal per a consumir en cru. Tasta&#039;l!\" \/>\n<meta name=\"robots\" content=\"index, follow, max-snippet:-1, max-image-preview:large, max-video-preview:-1\" \/>\n<link rel=\"canonical\" href=\"https:\/\/www.olisoldebre.com\/ca\/productes-olisoldebre\/oli-doliva-verge-extra-select-cast\/\" \/>\n<meta property=\"og:locale\" content=\"ca_ES\" \/>\n<meta property=\"og:type\" content=\"article\" \/>\n<meta property=\"og:title\" content=\"Oli d&#039;oliva verge extra Select Cast - Productes OliSoldebre\" \/>\n<meta property=\"og:description\" content=\"L&#039;oli d&#039;oliva verge extra Select Cast \u00e9s un OOVE elaborat amb un equilibrat cupatge de quatre varietats d&#039;olives ideal per a consumir en cru. Tasta&#039;l!\" \/>\n<meta property=\"og:url\" content=\"https:\/\/www.olisoldebre.com\/ca\/productes-olisoldebre\/oli-doliva-verge-extra-select-cast\/\" \/>\n<meta property=\"og:site_name\" content=\"oliSoldebre\" \/>\n<meta property=\"article:modified_time\" content=\"2018-05-03T13:12:49+00:00\" \/>\n<meta name=\"twitter:card\" content=\"summary_large_image\" \/>\n<meta name=\"twitter:label1\" content=\"Temps estimat de lectura\" \/>\n\t<meta name=\"twitter:data1\" content=\"4 minuts\" \/>\n<script type=\"application\/ld+json\" class=\"yoast-schema-graph\">{\"@context\":\"https:\/\/schema.org\",\"@graph\":[{\"@type\":\"WebPage\",\"@id\":\"https:\/\/www.olisoldebre.com\/ca\/productes-olisoldebre\/oli-doliva-verge-extra-select-cast\/\",\"url\":\"https:\/\/www.olisoldebre.com\/ca\/productes-olisoldebre\/oli-doliva-verge-extra-select-cast\/\",\"name\":\"Oli d'oliva verge extra Select Cast - Productes OliSoldebre\",\"isPartOf\":{\"@id\":\"https:\/\/www.olisoldebre.com\/#website\"},\"datePublished\":\"2017-06-09T15:53:35+00:00\",\"dateModified\":\"2018-05-03T13:12:49+00:00\",\"description\":\"L'oli d'oliva verge extra Select Cast \u00e9s un OOVE elaborat amb un equilibrat cupatge de quatre varietats d'olives ideal per a consumir en cru. Tasta'l!\",\"breadcrumb\":{\"@id\":\"https:\/\/www.olisoldebre.com\/ca\/productes-olisoldebre\/oli-doliva-verge-extra-select-cast\/#breadcrumb\"},\"inLanguage\":\"ca\",\"potentialAction\":[{\"@type\":\"ReadAction\",\"target\":[\"https:\/\/www.olisoldebre.com\/ca\/productes-olisoldebre\/oli-doliva-verge-extra-select-cast\/\"]}]},{\"@type\":\"BreadcrumbList\",\"@id\":\"https:\/\/www.olisoldebre.com\/ca\/productes-olisoldebre\/oli-doliva-verge-extra-select-cast\/#breadcrumb\",\"itemListElement\":[{\"@type\":\"ListItem\",\"position\":1,\"name\":\"Portada\",\"item\":\"https:\/\/www.olisoldebre.com\/ca\/\"},{\"@type\":\"ListItem\",\"position\":2,\"name\":\"Productes OliSoldebre\",\"item\":\"https:\/\/www.olisoldebre.com\/ca\/productes-olisoldebre\/\"},{\"@type\":\"ListItem\",\"position\":3,\"name\":\"Oli d&#8217;oliva verge extra SELECT CAST\"}]},{\"@type\":\"WebSite\",\"@id\":\"https:\/\/www.olisoldebre.com\/#website\",\"url\":\"https:\/\/www.olisoldebre.com\/\",\"name\":\"oliSoldebre\",\"description\":\"\",\"potentialAction\":[{\"@type\":\"SearchAction\",\"target\":{\"@type\":\"EntryPoint\",\"urlTemplate\":\"https:\/\/www.olisoldebre.com\/?s={search_term_string}\"},\"query-input\":{\"@type\":\"PropertyValueSpecification\",\"valueRequired\":true,\"valueName\":\"search_term_string\"}}],\"inLanguage\":\"ca\"}]}<\/script>\n<!-- \/ Yoast SEO plugin. -->","yoast_head_json":{"title":"Oli d'oliva verge extra Select Cast - Productes OliSoldebre","description":"L'oli d'oliva verge extra Select Cast \u00e9s un OOVE elaborat amb un equilibrat cupatge de quatre varietats d'olives ideal per a consumir en cru. Tasta'l!","robots":{"index":"index","follow":"follow","max-snippet":"max-snippet:-1","max-image-preview":"max-image-preview:large","max-video-preview":"max-video-preview:-1"},"canonical":"https:\/\/www.olisoldebre.com\/ca\/productes-olisoldebre\/oli-doliva-verge-extra-select-cast\/","og_locale":"ca_ES","og_type":"article","og_title":"Oli d'oliva verge extra Select Cast - Productes OliSoldebre","og_description":"L'oli d'oliva verge extra Select Cast \u00e9s un OOVE elaborat amb un equilibrat cupatge de quatre varietats d'olives ideal per a consumir en cru. Tasta'l!","og_url":"https:\/\/www.olisoldebre.com\/ca\/productes-olisoldebre\/oli-doliva-verge-extra-select-cast\/","og_site_name":"oliSoldebre","article_modified_time":"2018-05-03T13:12:49+00:00","twitter_card":"summary_large_image","twitter_misc":{"Temps estimat de lectura":"4 minuts"},"schema":{"@context":"https:\/\/schema.org","@graph":[{"@type":"WebPage","@id":"https:\/\/www.olisoldebre.com\/ca\/productes-olisoldebre\/oli-doliva-verge-extra-select-cast\/","url":"https:\/\/www.olisoldebre.com\/ca\/productes-olisoldebre\/oli-doliva-verge-extra-select-cast\/","name":"Oli d'oliva verge extra Select Cast - Productes OliSoldebre","isPartOf":{"@id":"https:\/\/www.olisoldebre.com\/#website"},"datePublished":"2017-06-09T15:53:35+00:00","dateModified":"2018-05-03T13:12:49+00:00","description":"L'oli d'oliva verge extra Select Cast \u00e9s un OOVE elaborat amb un equilibrat cupatge de quatre varietats d'olives ideal per a consumir en cru. Tasta'l!","breadcrumb":{"@id":"https:\/\/www.olisoldebre.com\/ca\/productes-olisoldebre\/oli-doliva-verge-extra-select-cast\/#breadcrumb"},"inLanguage":"ca","potentialAction":[{"@type":"ReadAction","target":["https:\/\/www.olisoldebre.com\/ca\/productes-olisoldebre\/oli-doliva-verge-extra-select-cast\/"]}]},{"@type":"BreadcrumbList","@id":"https:\/\/www.olisoldebre.com\/ca\/productes-olisoldebre\/oli-doliva-verge-extra-select-cast\/#breadcrumb","itemListElement":[{"@type":"ListItem","position":1,"name":"Portada","item":"https:\/\/www.olisoldebre.com\/ca\/"},{"@type":"ListItem","position":2,"name":"Productes OliSoldebre","item":"https:\/\/www.olisoldebre.com\/ca\/productes-olisoldebre\/"},{"@type":"ListItem","position":3,"name":"Oli d&#8217;oliva verge extra SELECT CAST"}]},{"@type":"WebSite","@id":"https:\/\/www.olisoldebre.com\/#website","url":"https:\/\/www.olisoldebre.com\/","name":"oliSoldebre","description":"","potentialAction":[{"@type":"SearchAction","target":{"@type":"EntryPoint","urlTemplate":"https:\/\/www.olisoldebre.com\/?s={search_term_string}"},"query-input":{"@type":"PropertyValueSpecification","valueRequired":true,"valueName":"search_term_string"}}],"inLanguage":"ca"}]}},"_links":{"self":[{"href":"https:\/\/www.olisoldebre.com\/ca\/wp-json\/wp\/v2\/pages\/2516","targetHints":{"allow":["GET"]}}],"collection":[{"href":"https:\/\/www.olisoldebre.com\/ca\/wp-json\/wp\/v2\/pages"}],"about":[{"href":"https:\/\/www.olisoldebre.com\/ca\/wp-json\/wp\/v2\/types\/page"}],"author":[{"embeddable":true,"href":"https:\/\/www.olisoldebre.com\/ca\/wp-json\/wp\/v2\/users\/89"}],"replies":[{"embeddable":true,"href":"https:\/\/www.olisoldebre.com\/ca\/wp-json\/wp\/v2\/comments?post=2516"}],"version-history":[{"count":7,"href":"https:\/\/www.olisoldebre.com\/ca\/wp-json\/wp\/v2\/pages\/2516\/revisions"}],"predecessor-version":[{"id":2926,"href":"https:\/\/www.olisoldebre.com\/ca\/wp-json\/wp\/v2\/pages\/2516\/revisions\/2926"}],"up":[{"embeddable":true,"href":"https:\/\/www.olisoldebre.com\/ca\/wp-json\/wp\/v2\/pages\/2494"}],"wp:attachment":[{"href":"https:\/\/www.olisoldebre.com\/ca\/wp-json\/wp\/v2\/media?parent=2516"}],"curies":[{"name":"wp","href":"https:\/\/api.w.org\/{rel}","templated":true}]}}