{"id":2463,"date":"2016-06-10T11:18:13","date_gmt":"2016-06-10T11:18:13","guid":{"rendered":"https:\/\/www.olisoldebre.com\/empresa\/cooperativa-soldebre\/"},"modified":"2018-05-02T16:15:30","modified_gmt":"2018-05-02T15:15:30","slug":"cooperativa-soldebre","status":"publish","type":"page","link":"https:\/\/www.olisoldebre.com\/ca\/empresa\/cooperativa-soldebre\/","title":{"rendered":"Cooperativa Soldebre"},"content":{"rendered":"<div class=\"wpb-content-wrapper\"><p>[vc_row 0=&#8221;&#8221; inverse=&#8221;&#8221; css=&#8221;.vc_custom_1507222691032{padding-bottom: 40px !important;background-color: #ffffff !important;}&#8221;][vc_column 0=&#8221;&#8221;]<div class=\"sc_section our_story_section margin_top_null margin_bottom_huge\"><div class=\"sc_section_image\" style=\"background-color: #ffffff\"><img decoding=\"async\" class=\"wp-post-image\" width=\"63\" height=\"46\" alt=\"Depositphotos_5896747_original.png\" src=\"https:\/\/www.olisoldebre.com\/wp-content\/uploads\/2016\/06\/Depositphotos_5896747_original-63x46.png\"><\/div><div class=\"sc_section_inner\"><div class=\"sc_section_content_wrap\">[vc_empty_space height=&#8221;0.5em&#8221;]<h2 class=\"sc_title sc_title_regular sc_align_center margin_top_huge\" style=\"text-align:center;\">Qui som<\/h2>[vc_column_text 0=&#8221;&#8221;]<\/p>\n<p class=\"text-container-menor\" style=\"text-align: center;\">Cooperativa Soldebre, la cooperativa agr\u00edcola de Tortosa (Tarragona), \u00e9s l&#8217;entitat m\u00e9s gran de Catalunya en elaboraci\u00f3 d&#8217;oli d&#8217;oliva. Amb m\u00e9s de 1.600 socis i una producci\u00f3 de 18.000.000 kg d&#8217;olives a l&#8217;any, les nostres principals \u00e0rees de negoci s\u00f3n: oli d&#8217;oliva, c\u00edtrics, ametles, garrofes i agrobotiga.<\/p>\n<p class=\"text-container-menor\" style=\"text-align: center;\">Tenim un equip hum\u00e0 de m\u00e9s de 50 persones, que arriba a m\u00e9s de 300 en els mesos de campanya. A m\u00e9s, comptem amb una empresa dedicada a les tasques agr\u00edcoles de les explotacions dels socis i de la mateixa entitat.<\/p>\n<p>[\/vc_column_text]<\/div><\/div><\/div>[\/vc_column][\/vc_row][vc_row full_width=&#8221;stretch_row_content_no_spaces&#8221; el_class=&#8221;img_full_width_container&#8221;][vc_column 0=&#8221;&#8221;][vc_column_text]<img decoding=\"async\" class=\"img-responsive alignnone\" title=\"Cooperativa Soldebre empresa\" src=\"https:\/\/olisoldebre.com\/wp-content\/uploads\/2016\/06\/cooperativa-soldebre-v4.jpg\" alt=\"Cooperativa Soldebre empresa\" width=\"1002\" height=\"352\" \/>[\/vc_column_text][\/vc_column][\/vc_row][vc_row][vc_column]<h2 class=\"sc_title sc_title_regular sc_align_center margin_top_huge margin_bottom_small\" style=\"text-align:center;\">La nostra hist\u00f2ria<\/h2>[vc_column_text 0=&#8221;&#8221;]<\/p>\n<p class=\"text-container-menor\" style=\"text-align: center;\">El projecte Cooperativa Soldebre naix l&#8217;1 de mar\u00e7 de 1995 com a resultat de la primera fusi\u00f3 de cooperatives de Catalunya: la Cooperativa de Santiago de Tortosa i les cooperatives de Roquetes i Jes\u00fas. Posteriorment, el 1999, s&#8217;absorbeixen dues cooperatives m\u00e9s: la de Sant Josep Artes\u00e0 de Tivenys i la de Sant Jordi d&#8217;Aldover.<\/p>\n<p>[\/vc_column_text][vc_empty_space]<div class=\"cq-draggable-container hide-on-responsive-drag\" data-draggingbarbgcolor=\"#e5e4e3\" data-defaultbarbgcolor=\"#dcac2e\" data-avatarstyle=\"icon\" data-activeiconcolor=\"#dcac2e\" data-autoplay=\"no\" data-autoplayspeed=\"\" data-labelcolor=\"#333333\" data-dragbuttonwidth=\"15\" data-contaienrwidth=\"\"><div class=\"cq-draggable-slider\"><div class=\"cq-draggable-stripe\"><div class=\"cq-draggable-handle\"><div class=\"cq-infobox gray\"><div class=\"cq-titlecontainer\"><div class=\"cq-titlebar\">NAIXEM<\/div><div class=\"cq-titlebar\">UNIM FORCES<\/div><div class=\"cq-titlebar\">ESTRENEM INSTAL\u00b7LACIONS<\/div><div class=\"cq-titlebar\">CREIXEM<\/div><div class=\"cq-titlebar\">RECONEIXEMENT A LA QUALITAT<\/div><div class=\"cq-titlebar\">AMPLIEM INSTAL\u00b7LACIONS<\/div><div class=\"cq-titlebar\">CENTENARI<\/div><div class=\"cq-titlebar\">MERCAT GURMET AUREUM<\/div><div class=\"cq-titlebar\">AMPLIEM FRONTERES<\/div><\/div><div class=\"cq-innerbox\"><div class=\"cq-carouselcontainer\"><div class=\"cq-carouselcontent\">Naix la primera cooperativa de les Terres de l&#8217;Ebre i la nostra marca d&#8217;oli Cast.\n<\/div><div class=\"cq-carouselcontent\">Fusi\u00f3 de les cooperatives de Tortosa, Jes\u00fas i Roquetes.\n<\/div><div class=\"cq-carouselcontent\">Construcci\u00f3 de les noves instal\u00b7lacions a Tortosa.\n<\/div><div class=\"cq-carouselcontent\">Seguim creixent amb l&#8217;absorci\u00f3 de les cooperatives d&#8217;Aldover i Tivenys.\n<\/div><div class=\"cq-carouselcontent\">Creaci\u00f3 de la denominaci\u00f3 d&#8217;origen protegida Baix Ebre-Montsi\u00e0.\n<\/div><div class=\"cq-carouselcontent\">Ampliem les instal\u00b7lacions a 40.000 m2.\n<\/div><div class=\"cq-carouselcontent\">Celebrem el centenari.\n<\/div><div class=\"cq-carouselcontent\">Envasem una nova gamma de productes monovarietals.\n<\/div><div class=\"cq-carouselcontent\">Iniciem el proc\u00e9s d&#8217;internacionalitzaci\u00f3.\n<p><\/div><\/div><\/div><\/div><\/div><\/div><div class=\"cq-barcontainer\"><div class=\"cq-highlight-container icon\"><div class=\"cq-highlight circle\" data-iconbgcolors=\"#dcac2e\"><span class=\"fa fa-1x icon-7\"><\/span><\/div><span class=\"cq-highlight-label\">1910<\/span><\/div><div class=\"cq-highlight-container icon\"><div class=\"cq-highlight circle\" data-iconbgcolors=\"#dcac2e\"><span class=\"fa fa-1x icon-7\"><\/span><\/div><span class=\"cq-highlight-label\">1995<\/span><\/div><div class=\"cq-highlight-container icon\"><div class=\"cq-highlight circle\" data-iconbgcolors=\"#dcac2e\"><span class=\"fa fa-1x icon-7\"><\/span><\/div><span class=\"cq-highlight-label\">1997<\/span><\/div><div class=\"cq-highlight-container icon\"><div class=\"cq-highlight circle\" data-iconbgcolors=\"#dcac2e\"><span class=\"fa fa-1x icon-7\"><\/span><\/div><span class=\"cq-highlight-label\">1999<\/span><\/div><div class=\"cq-highlight-container icon\"><div class=\"cq-highlight circle\" data-iconbgcolors=\"#dcac2e\"><span class=\"fa fa-1x icon-7\"><\/span><\/div><span class=\"cq-highlight-label\">2003<\/span><\/div><div class=\"cq-highlight-container icon\"><div class=\"cq-highlight circle\" data-iconbgcolors=\"#dcac2e\"><span class=\"fa fa-1x icon-7\"><\/span><\/div><span class=\"cq-highlight-label\">2008<\/span><\/div><div class=\"cq-highlight-container icon\"><div class=\"cq-highlight circle\" data-iconbgcolors=\"#dcac2e\"><span class=\"fa fa-1x icon-7\"><\/span><\/div><span class=\"cq-highlight-label\">2010<\/span><\/div><div class=\"cq-highlight-container icon\"><div class=\"cq-highlight circle\" data-iconbgcolors=\"#dcac2e\"><span class=\"fa fa-1x icon-7\"><\/span><\/div><span class=\"cq-highlight-label\">2014<\/span><\/div><div class=\"cq-highlight-container icon\"><div class=\"cq-highlight circle\" data-iconbgcolors=\"#dcac2e\"><span class=\"fa fa-1x icon-7\"><\/span><\/div><span class=\"cq-highlight-label\">2016<\/span><\/div><\/div><\/div><\/div>[vc_column_text el_class=&#8221;display-on-responsive-drag&#8221;]<\/p>\n<div class=\"history-item\" data-aos=\"fade-right\">\n<h4 style=\"margin-top: 10px; margin-bottom: 5px; text-align: center;\"><span class=\"year\">1910<\/span> NAIXEM<\/h4>\n<p style=\"text-align: center;\">Naix la primera cooperativa de les Terres de l&#8217;Ebre i la nostra marca d&#8217;oli Cast.<\/p>\n<\/div>\n<div class=\"history-item\" data-aos=\"fade-right\" data-aos-anchor-placement=\"top-center\">\n<h4 style=\"margin-top: 10px; margin-bottom: 5px; text-align: center;\"><span class=\"year\">1995<\/span> UNIM FORCES<\/h4>\n<p style=\"text-align: center;\">Fusi\u00f3 de les cooperatives de Tortosa, Jes\u00fas i Roquetes.<\/p>\n<\/div>\n<div class=\"history-item\" data-aos=\"fade-right\" data-aos-anchor-placement=\"top-center\">\n<h4 style=\"margin-top: 10px; margin-bottom: 5px; text-align: center;\"><span class=\"year\">1997<\/span> ESTRENEM INSTAL\u00b7LACIONS<\/h4>\n<p style=\"text-align: center;\">Construcci\u00f3 de les noves instal\u00b7lacions a Tortosa.<\/p>\n<\/div>\n<div class=\"history-item\" data-aos=\"fade-right\" data-aos-anchor-placement=\"top-center\">\n<h4 style=\"margin-top: 10px; margin-bottom: 5px; text-align: center;\"><span class=\"year\">1999<\/span> CREIXEM<\/h4>\n<p style=\"text-align: center;\">Seguim creixent amb l&#8217;absorci\u00f3 de les cooperatives d&#8217;Aldover i Tivenys.<\/p>\n<\/div>\n<div class=\"history-item\" data-aos=\"fade-right\" data-aos-anchor-placement=\"top-center\">\n<h4 style=\"margin-top: 10px; margin-bottom: 5px; text-align: center;\"><span class=\"year\">2003<\/span> RECONEIXEMENT A LA QUALITAT<\/h4>\n<p style=\"text-align: center;\">Creaci\u00f3 de la denominaci\u00f3 d&#8217;origen protegida Baix Ebre-Montsi\u00e0.<\/p>\n<\/div>\n<div class=\"history-item\" data-aos=\"fade-right\" data-aos-anchor-placement=\"top-center\">\n<h4 style=\"margin-top: 10px; margin-bottom: 5px; text-align: center;\"><span class=\"year\">2008<\/span> AMPLIEM INSTAL\u00b7LACIONS<\/h4>\n<p style=\"text-align: center;\">Ampliem les instal\u00b7lacions a 40.000 m2.<\/p>\n<\/div>\n<div class=\"history-item\" data-aos=\"fade-right\" data-aos-anchor-placement=\"top-center\">\n<h4 style=\"margin-top: 10px; margin-bottom: 5px; text-align: center;\"><span class=\"year\">2010<\/span> CENTENARI<\/h4>\n<p style=\"text-align: center;\">Celebrem el centenari.<\/p>\n<\/div>\n<div class=\"history-item\" data-aos=\"fade-right\" data-aos-anchor-placement=\"top-center\">\n<h4 style=\"margin-top: 10px; margin-bottom: 5px; text-align: center;\"><span class=\"year\">2014<\/span> MERCAT GURMET AUREUM<\/h4>\n<p style=\"text-align: center;\">Envasem una nova gamma de productes monovarietals.<\/p>\n<\/div>\n<div class=\"history-item\" data-aos=\"fade-right\" data-aos-anchor-placement=\"top-center\">\n<h4 style=\"margin-top: 10px; margin-bottom: 5px; text-align: center;\"><span class=\"year\">2016<\/span> AMPLIEM FRONTERES<\/h4>\n<p style=\"text-align: center;\">Iniciem el proc\u00e9s d&#8217;internacionalitzaci\u00f3.<\/p>\n<\/div>\n<p>[\/vc_column_text][\/vc_column][\/vc_row][vc_row full_width=&#8221;stretch_row_content_no_spaces&#8221; el_class=&#8221;img_full_width_container&#8221;][vc_column 0=&#8221;&#8221;][vc_column_text]<img decoding=\"async\" class=\"img-responsive alignnone\" title=\"Cooperativa Soldebre empresa\" src=\"https:\/\/olisoldebre.com\/wp-content\/uploads\/2016\/06\/cooperativa-soldebre-v6.jpg\" alt=\"Cooperativa Soldebre empresa\" width=\"1002\" height=\"352\" \/>[\/vc_column_text][\/vc_column][\/vc_row]<\/p>\n<\/div>","protected":false},"excerpt":{"rendered":"<p>[vc_row 0=&#8221;&#8221; inverse=&#8221;&#8221; css=&#8221;.vc_custom_1507222691032{padding-bottom: 40px !important;background-color: #ffffff !important;}&#8221;][vc_column 0=&#8221;&#8221;][\/vc_column][\/vc_row][vc_row full_width=&#8221;stretch_row_content_no_spaces&#8221; el_class=&#8221;img_full_width_container&#8221;][vc_column 0=&#8221;&#8221;][vc_column_text][\/vc_column_text][\/vc_column][\/vc_row][vc_row][vc_column][vc_column_text 0=&#8221;&#8221;] El projecte Cooperativa Soldebre naix l&#8217;1 de mar\u00e7 de 1995 com a resultat de la primera fusi\u00f3 de cooperatives de Catalunya: la Cooperativa de Santiago de Tortosa i les cooperatives de Roquetes i Jes\u00fas. Posteriorment, el 1999, s&#8217;absorbeixen dues cooperatives m\u00e9s: la [&hellip;]<\/p>\n","protected":false},"author":89,"featured_media":0,"parent":2462,"menu_order":0,"comment_status":"closed","ping_status":"closed","template":"","meta":{"footnotes":""},"class_list":["post-2463","page","type-page","status-publish","hentry"],"yoast_head":"<!-- This site is optimized with the Yoast SEO plugin v26.8 - https:\/\/yoast.com\/product\/yoast-seo-wordpress\/ -->\n<title>Cooperativa Soldebre - La nostra empresa - OliSoldebre<\/title>\n<meta name=\"description\" content=\"La cooperativa Soldebre (Tortosa) \u00e9s la m\u00e9s gran de Catalunya en elaboraci\u00f3 d&#039;oli d&#039;oliva, amb una producci\u00f3 de 18.000.000 kg d&#039;olives a l&#039;any.\" \/>\n<meta name=\"robots\" content=\"index, follow, max-snippet:-1, max-image-preview:large, max-video-preview:-1\" \/>\n<link rel=\"canonical\" href=\"https:\/\/www.olisoldebre.com\/ca\/empresa\/cooperativa-soldebre\/\" \/>\n<meta property=\"og:locale\" content=\"ca_ES\" \/>\n<meta property=\"og:type\" content=\"article\" \/>\n<meta property=\"og:title\" content=\"Cooperativa Soldebre - La nostra empresa - OliSoldebre\" \/>\n<meta property=\"og:description\" content=\"La cooperativa Soldebre (Tortosa) \u00e9s la m\u00e9s gran de Catalunya en elaboraci\u00f3 d&#039;oli d&#039;oliva, amb una producci\u00f3 de 18.000.000 kg d&#039;olives a l&#039;any.\" \/>\n<meta property=\"og:url\" content=\"https:\/\/www.olisoldebre.com\/ca\/empresa\/cooperativa-soldebre\/\" \/>\n<meta property=\"og:site_name\" content=\"oliSoldebre\" \/>\n<meta property=\"article:modified_time\" content=\"2018-05-02T15:15:30+00:00\" \/>\n<meta property=\"og:image\" content=\"https:\/\/olisoldebre.com\/wp-content\/uploads\/2016\/06\/cooperativa-soldebre-v4.jpg\" \/>\n<meta name=\"twitter:card\" content=\"summary_large_image\" \/>\n<meta name=\"twitter:label1\" content=\"Temps estimat de lectura\" \/>\n\t<meta name=\"twitter:data1\" content=\"3 minuts\" \/>\n<script type=\"application\/ld+json\" class=\"yoast-schema-graph\">{\"@context\":\"https:\/\/schema.org\",\"@graph\":[{\"@type\":\"WebPage\",\"@id\":\"https:\/\/www.olisoldebre.com\/ca\/empresa\/cooperativa-soldebre\/\",\"url\":\"https:\/\/www.olisoldebre.com\/ca\/empresa\/cooperativa-soldebre\/\",\"name\":\"Cooperativa Soldebre - La nostra empresa - OliSoldebre\",\"isPartOf\":{\"@id\":\"https:\/\/www.olisoldebre.com\/#website\"},\"primaryImageOfPage\":{\"@id\":\"https:\/\/www.olisoldebre.com\/ca\/empresa\/cooperativa-soldebre\/#primaryimage\"},\"image\":{\"@id\":\"https:\/\/www.olisoldebre.com\/ca\/empresa\/cooperativa-soldebre\/#primaryimage\"},\"thumbnailUrl\":\"https:\/\/olisoldebre.com\/wp-content\/uploads\/2016\/06\/cooperativa-soldebre-v4.jpg\",\"datePublished\":\"2016-06-10T11:18:13+00:00\",\"dateModified\":\"2018-05-02T15:15:30+00:00\",\"description\":\"La cooperativa Soldebre (Tortosa) \u00e9s la m\u00e9s gran de Catalunya en elaboraci\u00f3 d'oli d'oliva, amb una producci\u00f3 de 18.000.000 kg d'olives a l'any.\",\"breadcrumb\":{\"@id\":\"https:\/\/www.olisoldebre.com\/ca\/empresa\/cooperativa-soldebre\/#breadcrumb\"},\"inLanguage\":\"ca\",\"potentialAction\":[{\"@type\":\"ReadAction\",\"target\":[\"https:\/\/www.olisoldebre.com\/ca\/empresa\/cooperativa-soldebre\/\"]}]},{\"@type\":\"ImageObject\",\"inLanguage\":\"ca\",\"@id\":\"https:\/\/www.olisoldebre.com\/ca\/empresa\/cooperativa-soldebre\/#primaryimage\",\"url\":\"https:\/\/olisoldebre.com\/wp-content\/uploads\/2016\/06\/cooperativa-soldebre-v4.jpg\",\"contentUrl\":\"https:\/\/olisoldebre.com\/wp-content\/uploads\/2016\/06\/cooperativa-soldebre-v4.jpg\"},{\"@type\":\"BreadcrumbList\",\"@id\":\"https:\/\/www.olisoldebre.com\/ca\/empresa\/cooperativa-soldebre\/#breadcrumb\",\"itemListElement\":[{\"@type\":\"ListItem\",\"position\":1,\"name\":\"Portada\",\"item\":\"https:\/\/www.olisoldebre.com\/ca\/\"},{\"@type\":\"ListItem\",\"position\":2,\"name\":\"Empresa\",\"item\":\"https:\/\/www.olisoldebre.com\/ca\/empresa\/\"},{\"@type\":\"ListItem\",\"position\":3,\"name\":\"Cooperativa Soldebre\"}]},{\"@type\":\"WebSite\",\"@id\":\"https:\/\/www.olisoldebre.com\/#website\",\"url\":\"https:\/\/www.olisoldebre.com\/\",\"name\":\"oliSoldebre\",\"description\":\"\",\"potentialAction\":[{\"@type\":\"SearchAction\",\"target\":{\"@type\":\"EntryPoint\",\"urlTemplate\":\"https:\/\/www.olisoldebre.com\/?s={search_term_string}\"},\"query-input\":{\"@type\":\"PropertyValueSpecification\",\"valueRequired\":true,\"valueName\":\"search_term_string\"}}],\"inLanguage\":\"ca\"}]}<\/script>\n<!-- \/ Yoast SEO plugin. -->","yoast_head_json":{"title":"Cooperativa Soldebre - La nostra empresa - OliSoldebre","description":"La cooperativa Soldebre (Tortosa) \u00e9s la m\u00e9s gran de Catalunya en elaboraci\u00f3 d'oli d'oliva, amb una producci\u00f3 de 18.000.000 kg d'olives a l'any.","robots":{"index":"index","follow":"follow","max-snippet":"max-snippet:-1","max-image-preview":"max-image-preview:large","max-video-preview":"max-video-preview:-1"},"canonical":"https:\/\/www.olisoldebre.com\/ca\/empresa\/cooperativa-soldebre\/","og_locale":"ca_ES","og_type":"article","og_title":"Cooperativa Soldebre - La nostra empresa - OliSoldebre","og_description":"La cooperativa Soldebre (Tortosa) \u00e9s la m\u00e9s gran de Catalunya en elaboraci\u00f3 d'oli d'oliva, amb una producci\u00f3 de 18.000.000 kg d'olives a l'any.","og_url":"https:\/\/www.olisoldebre.com\/ca\/empresa\/cooperativa-soldebre\/","og_site_name":"oliSoldebre","article_modified_time":"2018-05-02T15:15:30+00:00","og_image":[{"url":"https:\/\/olisoldebre.com\/wp-content\/uploads\/2016\/06\/cooperativa-soldebre-v4.jpg","type":"","width":"","height":""}],"twitter_card":"summary_large_image","twitter_misc":{"Temps estimat de lectura":"3 minuts"},"schema":{"@context":"https:\/\/schema.org","@graph":[{"@type":"WebPage","@id":"https:\/\/www.olisoldebre.com\/ca\/empresa\/cooperativa-soldebre\/","url":"https:\/\/www.olisoldebre.com\/ca\/empresa\/cooperativa-soldebre\/","name":"Cooperativa Soldebre - La nostra empresa - OliSoldebre","isPartOf":{"@id":"https:\/\/www.olisoldebre.com\/#website"},"primaryImageOfPage":{"@id":"https:\/\/www.olisoldebre.com\/ca\/empresa\/cooperativa-soldebre\/#primaryimage"},"image":{"@id":"https:\/\/www.olisoldebre.com\/ca\/empresa\/cooperativa-soldebre\/#primaryimage"},"thumbnailUrl":"https:\/\/olisoldebre.com\/wp-content\/uploads\/2016\/06\/cooperativa-soldebre-v4.jpg","datePublished":"2016-06-10T11:18:13+00:00","dateModified":"2018-05-02T15:15:30+00:00","description":"La cooperativa Soldebre (Tortosa) \u00e9s la m\u00e9s gran de Catalunya en elaboraci\u00f3 d'oli d'oliva, amb una producci\u00f3 de 18.000.000 kg d'olives a l'any.","breadcrumb":{"@id":"https:\/\/www.olisoldebre.com\/ca\/empresa\/cooperativa-soldebre\/#breadcrumb"},"inLanguage":"ca","potentialAction":[{"@type":"ReadAction","target":["https:\/\/www.olisoldebre.com\/ca\/empresa\/cooperativa-soldebre\/"]}]},{"@type":"ImageObject","inLanguage":"ca","@id":"https:\/\/www.olisoldebre.com\/ca\/empresa\/cooperativa-soldebre\/#primaryimage","url":"https:\/\/olisoldebre.com\/wp-content\/uploads\/2016\/06\/cooperativa-soldebre-v4.jpg","contentUrl":"https:\/\/olisoldebre.com\/wp-content\/uploads\/2016\/06\/cooperativa-soldebre-v4.jpg"},{"@type":"BreadcrumbList","@id":"https:\/\/www.olisoldebre.com\/ca\/empresa\/cooperativa-soldebre\/#breadcrumb","itemListElement":[{"@type":"ListItem","position":1,"name":"Portada","item":"https:\/\/www.olisoldebre.com\/ca\/"},{"@type":"ListItem","position":2,"name":"Empresa","item":"https:\/\/www.olisoldebre.com\/ca\/empresa\/"},{"@type":"ListItem","position":3,"name":"Cooperativa Soldebre"}]},{"@type":"WebSite","@id":"https:\/\/www.olisoldebre.com\/#website","url":"https:\/\/www.olisoldebre.com\/","name":"oliSoldebre","description":"","potentialAction":[{"@type":"SearchAction","target":{"@type":"EntryPoint","urlTemplate":"https:\/\/www.olisoldebre.com\/?s={search_term_string}"},"query-input":{"@type":"PropertyValueSpecification","valueRequired":true,"valueName":"search_term_string"}}],"inLanguage":"ca"}]}},"_links":{"self":[{"href":"https:\/\/www.olisoldebre.com\/ca\/wp-json\/wp\/v2\/pages\/2463","targetHints":{"allow":["GET"]}}],"collection":[{"href":"https:\/\/www.olisoldebre.com\/ca\/wp-json\/wp\/v2\/pages"}],"about":[{"href":"https:\/\/www.olisoldebre.com\/ca\/wp-json\/wp\/v2\/types\/page"}],"author":[{"embeddable":true,"href":"https:\/\/www.olisoldebre.com\/ca\/wp-json\/wp\/v2\/users\/89"}],"replies":[{"embeddable":true,"href":"https:\/\/www.olisoldebre.com\/ca\/wp-json\/wp\/v2\/comments?post=2463"}],"version-history":[{"count":4,"href":"https:\/\/www.olisoldebre.com\/ca\/wp-json\/wp\/v2\/pages\/2463\/revisions"}],"predecessor-version":[{"id":2881,"href":"https:\/\/www.olisoldebre.com\/ca\/wp-json\/wp\/v2\/pages\/2463\/revisions\/2881"}],"up":[{"embeddable":true,"href":"https:\/\/www.olisoldebre.com\/ca\/wp-json\/wp\/v2\/pages\/2462"}],"wp:attachment":[{"href":"https:\/\/www.olisoldebre.com\/ca\/wp-json\/wp\/v2\/media?parent=2463"}],"curies":[{"name":"wp","href":"https:\/\/api.w.org\/{rel}","templated":true}]}}